{"id":2187,"date":"2019-09-13T06:34:38","date_gmt":"2019-09-13T06:34:38","guid":{"rendered":"http:\/\/10.44.205.4\/wp\/gabi\/carpentry\/?page_id=2"},"modified":"2024-01-23T12:41:51","modified_gmt":"2024-01-23T12:41:51","slug":"ghallab","status":"publish","type":"page","link":"https:\/\/ghallab-technology.com\/","title":{"rendered":"Ghallab"},"content":{"rendered":"\t\t<div data-elementor-type=\"wp-page\" data-elementor-id=\"2187\" class=\"elementor elementor-2187\">\n\t\t\t\t\t\t<section class=\"elementor-section elementor-top-section elementor-element elementor-element-41b1578 elementor-section-boxed elementor-section-height-default elementor-section-height-default\" data-id=\"41b1578\" data-element_type=\"section\">\n\t\t\t\t\t\t<div class=\"elementor-container elementor-column-gap-default\">\n\t\t\t\t\t<div class=\"elementor-column elementor-col-100 elementor-top-column elementor-element elementor-element-ce20b60\" data-id=\"ce20b60\" data-element_type=\"column\">\n\t\t\t<div class=\"elementor-widget-wrap elementor-element-populated\">\n\t\t\t\t\t\t<div class=\"elementor-element elementor-element-0f3657b elementor-arrows-position-inside elementor-pagination-position-outside elementor-widget elementor-widget-image-carousel\" data-id=\"0f3657b\" data-element_type=\"widget\" data-settings=\"{&quot;slides_to_show&quot;:&quot;1&quot;,&quot;navigation&quot;:&quot;both&quot;,&quot;autoplay&quot;:&quot;yes&quot;,&quot;pause_on_hover&quot;:&quot;yes&quot;,&quot;pause_on_interaction&quot;:&quot;yes&quot;,&quot;autoplay_speed&quot;:5000,&quot;infinite&quot;:&quot;yes&quot;,&quot;effect&quot;:&quot;slide&quot;,&quot;speed&quot;:500}\" data-widget_type=\"image-carousel.default\">\n\t\t\t\t<div class=\"elementor-widget-container\">\n\t\t\t<style>\/*! elementor - v3.21.0 - 25-04-2024 *\/\n.elementor-widget-image-carousel .swiper,.elementor-widget-image-carousel .swiper-container{position:static}.elementor-widget-image-carousel .swiper-container .swiper-slide figure,.elementor-widget-image-carousel .swiper .swiper-slide figure{line-height:inherit}.elementor-widget-image-carousel .swiper-slide{text-align:center}.elementor-image-carousel-wrapper:not(.swiper-container-initialized):not(.swiper-initialized) .swiper-slide{max-width:calc(100% \/ var(--e-image-carousel-slides-to-show, 3))}<\/style>\t\t<div class=\"elementor-image-carousel-wrapper swiper\" dir=\"ltr\">\n\t\t\t<div class=\"elementor-image-carousel swiper-wrapper\" aria-live=\"off\">\n\t\t\t\t\t\t\t\t<div class=\"swiper-slide\" role=\"group\" aria-roledescription=\"slide\" aria-label=\"1 of 6\"><figure class=\"swiper-slide-inner\"><img decoding=\"async\" class=\"swiper-slide-image lazyload\" data-src=\"https:\/\/ghallab-technology.com\/wp-content\/uploads\/2024\/01\/Home-03-1024x768.jpg\" alt=\"Home 03\" src=\"data:image\/gif;base64,R0lGODlhAQABAAAAACH5BAEKAAEALAAAAAABAAEAAAICTAEAOw==\" style=\"--smush-placeholder-width: 1024px; --smush-placeholder-aspect-ratio: 1024\/768;\" \/><noscript><img decoding=\"async\" class=\"swiper-slide-image\" src=\"https:\/\/ghallab-technology.com\/wp-content\/uploads\/2024\/01\/Home-03-1024x768.jpg\" alt=\"Home 03\" \/><\/noscript><\/figure><\/div><div class=\"swiper-slide\" role=\"group\" aria-roledescription=\"slide\" aria-label=\"2 of 6\"><figure class=\"swiper-slide-inner\"><img decoding=\"async\" class=\"swiper-slide-image lazyload\" data-src=\"https:\/\/ghallab-technology.com\/wp-content\/uploads\/2023\/03\/engine-2323170-1024x546.jpg\" alt=\"engine-2323170\" src=\"data:image\/gif;base64,R0lGODlhAQABAAAAACH5BAEKAAEALAAAAAABAAEAAAICTAEAOw==\" style=\"--smush-placeholder-width: 1024px; --smush-placeholder-aspect-ratio: 1024\/546;\" \/><noscript><img decoding=\"async\" class=\"swiper-slide-image\" src=\"https:\/\/ghallab-technology.com\/wp-content\/uploads\/2023\/03\/engine-2323170-1024x546.jpg\" alt=\"engine-2323170\" \/><\/noscript><\/figure><\/div><div class=\"swiper-slide\" role=\"group\" aria-roledescription=\"slide\" aria-label=\"3 of 6\"><figure class=\"swiper-slide-inner\"><img decoding=\"async\" class=\"swiper-slide-image lazyload\" data-src=\"https:\/\/ghallab-technology.com\/wp-content\/uploads\/2023\/03\/WhatsApp-Image-2023-03-14-at-22.41.19-1024x547.jpeg\" alt=\"WhatsApp Image 2023-03-14 at 22.41.19\" src=\"data:image\/gif;base64,R0lGODlhAQABAAAAACH5BAEKAAEALAAAAAABAAEAAAICTAEAOw==\" style=\"--smush-placeholder-width: 1024px; --smush-placeholder-aspect-ratio: 1024\/547;\" \/><noscript><img decoding=\"async\" class=\"swiper-slide-image\" src=\"https:\/\/ghallab-technology.com\/wp-content\/uploads\/2023\/03\/WhatsApp-Image-2023-03-14-at-22.41.19-1024x547.jpeg\" alt=\"WhatsApp Image 2023-03-14 at 22.41.19\" \/><\/noscript><\/figure><\/div><div class=\"swiper-slide\" role=\"group\" aria-roledescription=\"slide\" aria-label=\"4 of 6\"><figure class=\"swiper-slide-inner\"><img decoding=\"async\" class=\"swiper-slide-image lazyload\" data-src=\"https:\/\/ghallab-technology.com\/wp-content\/uploads\/2024\/01\/Home-01-1024x683.jpg\" alt=\"Home 01\" src=\"data:image\/gif;base64,R0lGODlhAQABAAAAACH5BAEKAAEALAAAAAABAAEAAAICTAEAOw==\" style=\"--smush-placeholder-width: 1024px; --smush-placeholder-aspect-ratio: 1024\/683;\" \/><noscript><img decoding=\"async\" class=\"swiper-slide-image\" src=\"https:\/\/ghallab-technology.com\/wp-content\/uploads\/2024\/01\/Home-01-1024x683.jpg\" alt=\"Home 01\" \/><\/noscript><\/figure><\/div><div class=\"swiper-slide\" role=\"group\" aria-roledescription=\"slide\" aria-label=\"5 of 6\"><figure class=\"swiper-slide-inner\"><img decoding=\"async\" class=\"swiper-slide-image lazyload\" data-src=\"https:\/\/ghallab-technology.com\/wp-content\/uploads\/2023\/03\/axis-1683671-1024x546.jpg\" alt=\"axis-1683671\" src=\"data:image\/gif;base64,R0lGODlhAQABAAAAACH5BAEKAAEALAAAAAABAAEAAAICTAEAOw==\" style=\"--smush-placeholder-width: 1024px; --smush-placeholder-aspect-ratio: 1024\/546;\" \/><noscript><img decoding=\"async\" class=\"swiper-slide-image\" src=\"https:\/\/ghallab-technology.com\/wp-content\/uploads\/2023\/03\/axis-1683671-1024x546.jpg\" alt=\"axis-1683671\" \/><\/noscript><\/figure><\/div><div class=\"swiper-slide\" role=\"group\" aria-roledescription=\"slide\" aria-label=\"6 of 6\"><figure class=\"swiper-slide-inner\"><img decoding=\"async\" class=\"swiper-slide-image lazyload\" data-src=\"https:\/\/ghallab-technology.com\/wp-content\/uploads\/2023\/03\/cybernetics-4219408-1024x546.jpg\" alt=\"cybernetics-4219408\" src=\"data:image\/gif;base64,R0lGODlhAQABAAAAACH5BAEKAAEALAAAAAABAAEAAAICTAEAOw==\" style=\"--smush-placeholder-width: 1024px; --smush-placeholder-aspect-ratio: 1024\/546;\" \/><noscript><img decoding=\"async\" class=\"swiper-slide-image\" src=\"https:\/\/ghallab-technology.com\/wp-content\/uploads\/2023\/03\/cybernetics-4219408-1024x546.jpg\" alt=\"cybernetics-4219408\" \/><\/noscript><\/figure><\/div>\t\t\t<\/div>\n\t\t\t\t\t\t\t\t\t\t\t\t<div class=\"elementor-swiper-button elementor-swiper-button-prev\" role=\"button\" tabindex=\"0\">\n\t\t\t\t\t\t<i aria-hidden=\"true\" class=\"eicon-chevron-left\"><\/i>\t\t\t\t\t<\/div>\n\t\t\t\t\t<div class=\"elementor-swiper-button elementor-swiper-button-next\" role=\"button\" tabindex=\"0\">\n\t\t\t\t\t\t<i aria-hidden=\"true\" class=\"eicon-chevron-right\"><\/i>\t\t\t\t\t<\/div>\n\t\t\t\t\n\t\t\t\t\t\t\t\t\t<div class=\"swiper-pagination\"><\/div>\n\t\t\t\t\t\t\t\t\t<\/div>\n\t\t\t\t<\/div>\n\t\t\t\t<\/div>\n\t\t\t\t\t<\/div>\n\t\t<\/div>\n\t\t\t\t\t<\/div>\n\t\t<\/section>\n\t\t\t\t<section class=\"elementor-section elementor-top-section elementor-element elementor-element-2a67d93c elementor-section-boxed elementor-section-height-default elementor-section-height-default\" data-id=\"2a67d93c\" data-element_type=\"section\">\n\t\t\t\t\t\t<div class=\"elementor-container elementor-column-gap-default\">\n\t\t\t\t\t<div class=\"elementor-column elementor-col-100 elementor-top-column elementor-element elementor-element-14327c8b\" data-id=\"14327c8b\" data-element_type=\"column\">\n\t\t\t<div class=\"elementor-widget-wrap elementor-element-populated\">\n\t\t\t\t\t\t<div class=\"elementor-element elementor-element-30c010e elementor-widget elementor-widget-text-editor\" data-id=\"30c010e\" data-element_type=\"widget\" data-widget_type=\"text-editor.default\">\n\t\t\t\t<div class=\"elementor-widget-container\">\n\t\t\t<style>\/*! elementor - v3.21.0 - 25-04-2024 *\/\n.elementor-widget-text-editor.elementor-drop-cap-view-stacked .elementor-drop-cap{background-color:#69727d;color:#fff}.elementor-widget-text-editor.elementor-drop-cap-view-framed .elementor-drop-cap{color:#69727d;border:3px solid;background-color:transparent}.elementor-widget-text-editor:not(.elementor-drop-cap-view-default) .elementor-drop-cap{margin-top:8px}.elementor-widget-text-editor:not(.elementor-drop-cap-view-default) .elementor-drop-cap-letter{width:1em;height:1em}.elementor-widget-text-editor .elementor-drop-cap{float:left;text-align:center;line-height:1;font-size:50px}.elementor-widget-text-editor .elementor-drop-cap-letter{display:inline-block}<\/style>\t\t\t\t<p>Die Ghallab Technology GmbH ist ein Berliner Unternehmen, das im Jahr 2022 gegr\u00fcndet wurde. Die Hauptgesch\u00e4ftsfelder liegen im Bereichen der , Entwicklung, und Fertigung von\u00a0<span style=\"font-family: Roboto, sans-serif; font-size: 14px; font-style: normal; font-variant-ligatures: normal; font-variant-caps: normal; font-weight: 400; color: var( --e-global-color-text );\">Schwei\u00dfkonstuktionen und\u00a0<\/span><span style=\"font-size: 14px; color: var( --e-global-color-text );\">Industrieanlagen.<\/span><\/p><p>Als mittelst\u00e4ndisches Unternehmen zeichnet uns eine Betriebsstruktur mit flachen Hierarchien und kurzen Informations- sowie Entscheidungswegen aus. So k\u00f6nnen wir unseren Kunden \u00fcber alle Unternehmensbereiche hinweg effiziente und praktikable L\u00f6sungsvorschl\u00e4ge anbieten und zwar vom ersten Beratungsgespr\u00e4ch bis zur Montage Vorort. Im Zentrum unserer Arbeit steht ein hoher Qualit\u00e4ts- und Dienstleistungsanspruch.<\/p><p>\u00a0Kundenzufriedenheit und Flexibilit\u00e4t haben f\u00fcr die Ghallab Technology h\u00f6chste Bedeutung.<\/p><p>Unsere Ingenieure und Facharbeiter verf\u00fcgen \u00fcber jahrzehntelange Erfahrung in den unterschiedlichsten Industriebereichen und unterst\u00fctzen damit unsere Kunden mit fachgerechten L\u00f6sungen und innovativen Konzepte.<\/p><p>Die Zuverl\u00e4ssigkeit unserer Dienstleistungen und Produkte werden durch Qualit\u00e4tspr\u00fcfungen, Zertifikate und langj\u00e4hrige Erfahrung gewehrleistet. Deshalb stehen wir mit unseren Kunden Seite an Seiten vom Projektbeginn bis zu Fertigstellung.<\/p><p>Unsere Unternehmensphilosophie lautet \u201eEngineering and Design from a Single Source\u00a0<\/p>\t\t\t\t\t\t<\/div>\n\t\t\t\t<\/div>\n\t\t\t\t\t<\/div>\n\t\t<\/div>\n\t\t\t\t\t<\/div>\n\t\t<\/section>\n\t\t\t\t<\/div>\n\t\t","protected":false},"excerpt":{"rendered":"<p>Previous Next Die Ghallab Technology GmbH ist ein Berliner Unternehmen, das im Jahr 2022 gegr\u00fcndet wurde. Die Hauptgesch\u00e4ftsfelder liegen im Bereichen der , Entwicklung, und Fertigung von\u00a0Schwei\u00dfkonstuktionen und\u00a0Industrieanlagen. Als mittelst\u00e4ndisches Unternehmen zeichnet uns eine Betriebsstruktur mit flachen Hierarchien und kurzen Informations- sowie Entscheidungswegen aus. So k\u00f6nnen wir unseren Kunden \u00fcber alle Unternehmensbereiche hinweg effiziente und [&hellip;]<\/p>\n","protected":false},"author":4,"featured_media":0,"parent":0,"menu_order":0,"comment_status":"closed","ping_status":"closed","template":"","meta":{"footnotes":""},"class_list":["post-2187","page","type-page","status-publish","hentry","entry"],"_links":{"self":[{"href":"https:\/\/ghallab-technology.com\/index.php?rest_route=\/wp\/v2\/pages\/2187","targetHints":{"allow":["GET"]}}],"collection":[{"href":"https:\/\/ghallab-technology.com\/index.php?rest_route=\/wp\/v2\/pages"}],"about":[{"href":"https:\/\/ghallab-technology.com\/index.php?rest_route=\/wp\/v2\/types\/page"}],"author":[{"embeddable":true,"href":"https:\/\/ghallab-technology.com\/index.php?rest_route=\/wp\/v2\/users\/4"}],"replies":[{"embeddable":true,"href":"https:\/\/ghallab-technology.com\/index.php?rest_route=%2Fwp%2Fv2%2Fcomments&post=2187"}],"version-history":[{"count":31,"href":"https:\/\/ghallab-technology.com\/index.php?rest_route=\/wp\/v2\/pages\/2187\/revisions"}],"predecessor-version":[{"id":3989,"href":"https:\/\/ghallab-technology.com\/index.php?rest_route=\/wp\/v2\/pages\/2187\/revisions\/3989"}],"wp:attachment":[{"href":"https:\/\/ghallab-technology.com\/index.php?rest_route=%2Fwp%2Fv2%2Fmedia&parent=2187"}],"curies":[{"name":"wp","href":"https:\/\/api.w.org\/{rel}","templated":true}]}}