{"id":2005,"date":"2020-04-13T09:14:48","date_gmt":"2020-04-13T09:14:48","guid":{"rendered":"https:\/\/colibriwp-work.colibriwp.com\/carpentry-pro\/?page_id=2005"},"modified":"2023-03-15T20:45:58","modified_gmt":"2023-03-15T20:45:58","slug":"about-us","status":"publish","type":"page","link":"https:\/\/ghallab-technology.com\/?page_id=2005","title":{"rendered":"\u00dcber uns"},"content":{"rendered":"\t\t<div data-elementor-type=\"wp-page\" data-elementor-id=\"2005\" class=\"elementor elementor-2005\">\n\t\t\t\t\t\t<section class=\"elementor-section elementor-top-section elementor-element elementor-element-5eb9104 elementor-section-boxed elementor-section-height-default elementor-section-height-default\" data-id=\"5eb9104\" data-element_type=\"section\">\n\t\t\t\t\t\t<div class=\"elementor-container elementor-column-gap-default\">\n\t\t\t\t\t<div class=\"elementor-column elementor-col-100 elementor-top-column elementor-element elementor-element-3c71ec9\" data-id=\"3c71ec9\" data-element_type=\"column\">\n\t\t\t<div class=\"elementor-widget-wrap elementor-element-populated\">\n\t\t\t\t\t\t<div class=\"elementor-element elementor-element-d83ab3d elementor-widget elementor-widget-heading\" data-id=\"d83ab3d\" data-element_type=\"widget\" data-widget_type=\"heading.default\">\n\t\t\t\t<div class=\"elementor-widget-container\">\n\t\t\t<style>\/*! elementor - v3.21.0 - 25-04-2024 *\/\n.elementor-heading-title{padding:0;margin:0;line-height:1}.elementor-widget-heading .elementor-heading-title[class*=elementor-size-]>a{color:inherit;font-size:inherit;line-height:inherit}.elementor-widget-heading .elementor-heading-title.elementor-size-small{font-size:15px}.elementor-widget-heading .elementor-heading-title.elementor-size-medium{font-size:19px}.elementor-widget-heading .elementor-heading-title.elementor-size-large{font-size:29px}.elementor-widget-heading .elementor-heading-title.elementor-size-xl{font-size:39px}.elementor-widget-heading .elementor-heading-title.elementor-size-xxl{font-size:59px}<\/style><h1 class=\"elementor-heading-title elementor-size-default\">Unser Geschichte<\/h1>\t\t<\/div>\n\t\t\t\t<\/div>\n\t\t\t\t\t<\/div>\n\t\t<\/div>\n\t\t\t\t\t<\/div>\n\t\t<\/section>\n\t\t\t\t<section class=\"elementor-section elementor-top-section elementor-element elementor-element-eca59ff elementor-section-boxed elementor-section-height-default elementor-section-height-default\" data-id=\"eca59ff\" data-element_type=\"section\">\n\t\t\t\t\t\t<div class=\"elementor-container elementor-column-gap-default\">\n\t\t\t\t\t<div class=\"elementor-column elementor-col-100 elementor-top-column elementor-element elementor-element-44c7d8f\" data-id=\"44c7d8f\" data-element_type=\"column\">\n\t\t\t<div class=\"elementor-widget-wrap elementor-element-populated\">\n\t\t\t\t\t\t<div class=\"elementor-element elementor-element-e8fc13a elementor-widget__width-inherit elementor-widget elementor-widget-image\" data-id=\"e8fc13a\" data-element_type=\"widget\" data-widget_type=\"image.default\">\n\t\t\t\t<div class=\"elementor-widget-container\">\n\t\t\t<style>\/*! elementor - v3.21.0 - 25-04-2024 *\/\n.elementor-widget-image{text-align:center}.elementor-widget-image a{display:inline-block}.elementor-widget-image a img[src$=\".svg\"]{width:48px}.elementor-widget-image img{vertical-align:middle;display:inline-block}<\/style>\t\t\t\t\t\t\t\t\t\t<img fetchpriority=\"high\" decoding=\"async\" width=\"768\" height=\"317\" src=\"https:\/\/ghallab-technology.com\/wp-content\/uploads\/2023\/03\/hand-697264-e1678913091793-768x317.png\" class=\"attachment-medium_large size-medium_large wp-image-3546\" alt=\"\" srcset=\"https:\/\/ghallab-technology.com\/wp-content\/uploads\/2023\/03\/hand-697264-e1678913091793-768x317.png 768w, https:\/\/ghallab-technology.com\/wp-content\/uploads\/2023\/03\/hand-697264-e1678913091793-300x124.png 300w, https:\/\/ghallab-technology.com\/wp-content\/uploads\/2023\/03\/hand-697264-e1678913091793-1024x422.png 1024w, https:\/\/ghallab-technology.com\/wp-content\/uploads\/2023\/03\/hand-697264-e1678913091793-1536x634.png 1536w, https:\/\/ghallab-technology.com\/wp-content\/uploads\/2023\/03\/hand-697264-e1678913091793.png 1920w\" sizes=\"(max-width: 768px) 100vw, 768px\" \/>\t\t\t\t\t\t\t\t\t\t\t\t\t<\/div>\n\t\t\t\t<\/div>\n\t\t\t\t\t<\/div>\n\t\t<\/div>\n\t\t\t\t\t<\/div>\n\t\t<\/section>\n\t\t\t\t<section class=\"elementor-section elementor-top-section elementor-element elementor-element-600b127 elementor-section-boxed elementor-section-height-default elementor-section-height-default\" data-id=\"600b127\" data-element_type=\"section\">\n\t\t\t\t\t\t<div class=\"elementor-container elementor-column-gap-default\">\n\t\t\t\t\t<div class=\"elementor-column elementor-col-100 elementor-top-column elementor-element elementor-element-06cf387\" data-id=\"06cf387\" data-element_type=\"column\">\n\t\t\t<div class=\"elementor-widget-wrap elementor-element-populated\">\n\t\t\t\t\t\t<div class=\"elementor-element elementor-element-d49128a elementor-widget elementor-widget-text-editor\" data-id=\"d49128a\" data-element_type=\"widget\" data-widget_type=\"text-editor.default\">\n\t\t\t\t<div class=\"elementor-widget-container\">\n\t\t\t<style>\/*! elementor - v3.21.0 - 25-04-2024 *\/\n.elementor-widget-text-editor.elementor-drop-cap-view-stacked .elementor-drop-cap{background-color:#69727d;color:#fff}.elementor-widget-text-editor.elementor-drop-cap-view-framed .elementor-drop-cap{color:#69727d;border:3px solid;background-color:transparent}.elementor-widget-text-editor:not(.elementor-drop-cap-view-default) .elementor-drop-cap{margin-top:8px}.elementor-widget-text-editor:not(.elementor-drop-cap-view-default) .elementor-drop-cap-letter{width:1em;height:1em}.elementor-widget-text-editor .elementor-drop-cap{float:left;text-align:center;line-height:1;font-size:50px}.elementor-widget-text-editor .elementor-drop-cap-letter{display:inline-block}<\/style>\t\t\t\t<p>Die Ghallab Technology GmbH ist ein Berliner Unternehmen, das im Jahr 2022 gegr\u00fcndet wurde. Die Hauptgesch\u00e4ftsfelder liegen im Bereichen Entwicklung, Fertigung von Sondermaschinen sowie Industrieanlagen.<\/p><p>Als mittelst\u00e4ndisches Unternehmen zeichnet uns eine Betriebsstruktur mit flachen Hierarchien und kurzen Informations- sowie Entscheidungswegen aus. So k\u00f6nnen wir unseren Kunden \u00fcber alle Unternehmensbereiche hinweg effiziente und praktikable L\u00f6sungsvorschl\u00e4ge anbieten und zwar vom ersten Beratungsgespr\u00e4ch bis zur Montage Vorort. Im Zentrum unserer Arbeit steht ein hoher Qualit\u00e4ts- und Dienstleistungsanspruch. Qualit\u00e4t, Kundenzufriedenheit und Flexibilit\u00e4t haben f\u00fcr die Ghallab Technology h\u00f6chste Bedeutung.<\/p><p>Unsere Ingenieure und Facharbeiter verf\u00fcgen \u00fcber jahrzehntelange Erfahrung in den unterschiedlichsten Industriebereichen und unterst\u00fctzen damit unsere Kunden mit fachgerechten L\u00f6sungen und innovativen Konzepte.<\/p><p>Die Zuverl\u00e4ssigkeit unsere Dienstleistungen und Produkte werden durch Qualit\u00e4tspr\u00fcfungen, Zertifikate und langj\u00e4hrige Erfahrung gewehrleistet. Deshalb stehen wir mit unseren Kunden Seite an Seiten vom Projektbeginn bis zu Fertigstellung.<\/p><p>Unsere Unternehmensphilosophie lautet \u201eEngineering and Design from a Single Source\u00a0<\/p>\t\t\t\t\t\t<\/div>\n\t\t\t\t<\/div>\n\t\t\t\t\t<\/div>\n\t\t<\/div>\n\t\t\t\t\t<\/div>\n\t\t<\/section>\n\t\t\t\t<\/div>\n\t\t","protected":false},"excerpt":{"rendered":"<p>Unser Geschichte Die Ghallab Technology GmbH ist ein Berliner Unternehmen, das im Jahr 2022 gegr\u00fcndet wurde. Die Hauptgesch\u00e4ftsfelder liegen im Bereichen Entwicklung, Fertigung von Sondermaschinen sowie Industrieanlagen. Als mittelst\u00e4ndisches Unternehmen zeichnet uns eine Betriebsstruktur mit flachen Hierarchien und kurzen Informations- sowie Entscheidungswegen aus. So k\u00f6nnen wir unseren Kunden \u00fcber alle Unternehmensbereiche hinweg effiziente und praktikable [&hellip;]<\/p>\n","protected":false},"author":4,"featured_media":0,"parent":0,"menu_order":0,"comment_status":"closed","ping_status":"closed","template":"","meta":{"footnotes":""},"class_list":["post-2005","page","type-page","status-publish","hentry","entry"],"_links":{"self":[{"href":"https:\/\/ghallab-technology.com\/index.php?rest_route=\/wp\/v2\/pages\/2005","targetHints":{"allow":["GET"]}}],"collection":[{"href":"https:\/\/ghallab-technology.com\/index.php?rest_route=\/wp\/v2\/pages"}],"about":[{"href":"https:\/\/ghallab-technology.com\/index.php?rest_route=\/wp\/v2\/types\/page"}],"author":[{"embeddable":true,"href":"https:\/\/ghallab-technology.com\/index.php?rest_route=\/wp\/v2\/users\/4"}],"replies":[{"embeddable":true,"href":"https:\/\/ghallab-technology.com\/index.php?rest_route=%2Fwp%2Fv2%2Fcomments&post=2005"}],"version-history":[{"count":56,"href":"https:\/\/ghallab-technology.com\/index.php?rest_route=\/wp\/v2\/pages\/2005\/revisions"}],"predecessor-version":[{"id":3549,"href":"https:\/\/ghallab-technology.com\/index.php?rest_route=\/wp\/v2\/pages\/2005\/revisions\/3549"}],"wp:attachment":[{"href":"https:\/\/ghallab-technology.com\/index.php?rest_route=%2Fwp%2Fv2%2Fmedia&parent=2005"}],"curies":[{"name":"wp","href":"https:\/\/api.w.org\/{rel}","templated":true}]}}